{"id":5719,"date":"2025-07-27T12:10:20","date_gmt":"2025-07-27T12:10:20","guid":{"rendered":"https:\/\/bhutanspiritsanctuary.com\/staging\/?page_id=5719"},"modified":"2025-07-28T11:46:13","modified_gmt":"2025-07-28T11:46:13","slug":"mission-vision","status":"publish","type":"page","link":"https:\/\/bhutanspiritsanctuary.com\/de_lang\/stories\/mission-vision\/","title":{"rendered":"Mission &#038; Vision"},"content":{"rendered":"<div data-elementor-type=\"wp-page\" data-elementor-id=\"5719\" class=\"elementor elementor-5719\" data-elementor-post-type=\"page\">\n\t\t\t\t<div class=\"elementor-element elementor-element-a8d14df e-flex e-con-boxed e-con e-parent\" data-id=\"a8d14df\" data-element_type=\"container\" data-settings=\"{&quot;background_background&quot;:&quot;classic&quot;}\">\n\t\t\t\t\t<div class=\"e-con-inner\">\n\t\t\t\t\t<\/div>\n\t\t\t\t<\/div>\n\t\t<div class=\"elementor-element elementor-element-25e085b e-flex e-con-boxed e-con e-parent\" data-id=\"25e085b\" data-element_type=\"container\">\n\t\t\t\t\t<div class=\"e-con-inner\">\n\t\t<div class=\"elementor-element elementor-element-44ce5d4 e-con-full e-flex e-con e-child\" data-id=\"44ce5d4\" data-element_type=\"container\" data-settings=\"{&quot;background_background&quot;:&quot;classic&quot;}\">\n\t\t\t\t<div class=\"elementor-element elementor-element-76d9f5c elementor-widget elementor-widget-html\" data-id=\"76d9f5c\" data-element_type=\"widget\" data-widget_type=\"html.default\">\n\t\t\t\t<div class=\"elementor-widget-container\">\n\t\t\t\t\t<style>\r\n  .p-3 p {\r\n    margin-bottom: 16px;\r\n  }\r\n<\/style>\r\n\r\n<div class=\"p-3\" style=\"color: #868685; line-height: 1.45; letter-spacing: .05rem;\">\r\n\r\n<p>WIR SIND DA<\/p>\r\n\r\n\r\n\r\n<p><em>Schaffung von Arbeitspl\u00e4tzen<br><\/em>Unser Team besteht aus rund 70 Mitarbeitende, davon \u00fcber 95% Bhutanerinnen und Bhutaner.  Alle Positionen im mittleren Management sind mit einheimischen Fachkr\u00e4ften besetzt.<\/p>\r\n\r\n\r\n\r\n<p><em>F\u00f6rderung von F\u00e4higkeiten<br><\/em>Wir investieren in die kontinuierliche Weiterbildung unseres gesamten Teams durch regelm\u00e4\u00dfige  Schulungen direkt vor Ort. Nach einer bestimmten Betriebszugeh\u00f6rigkeit erhalten Mitarbeitende  zudem die M\u00f6glichkeit, an externen Aus- und Weiterbildungen teilzunehmen, um ihre F\u00e4higkeiten  weiterzuentwickeln und ihr Wissen zu vertiefen.<\/p>\r\n\r\n\r\n\r\n<p><em>Wirtschaftliche Sicherheit<br><\/em>Alle Teammitglieder erhalten bei Arbeitsantritt einen rechtsg\u00fcltigen Arbeitsvertrag mit klar  definierter Stellenbeschreibung. Wir zahlen \u00fcberdurchschnittliche Geh\u00e4lter, \u00fcbernehmen die  Krankenversicherung und leisten Beitr\u00e4ge in einen Vorsorgefond.<\/p>\r\n\r\n\r\n\r\n<p><em>Famili\u00e4res Miteinander<br><\/em>Wir betrachten unser Team als Teil unserer Familie und gehen f\u00fcrsorglich miteinander um.<\/p>\r\n\r\n<p>WIR INVESTIEREN<\/p>\r\n\r\n<p><em>Schaffung von Einkommensm\u00f6glichkeiten<br><\/em>Wann immer m\u00f6glich, kaufen wir regionale\nProdukte f\u00fcr unser kulinarisches Angebot. Dar\u00fcber hinaus betreiben wir eine Boutique, in der handgefertigte Waren aus Bhutan verkauft werden, unter anderem Schmuck, Kleidung, Taschen und andere kleine Geschenke und Souvenirs. Im gesamten Sanctuary zeigen wir die Kunstwerke einheimischer K\u00fcnstler:innen.\nWir ermutigen unsere G\u00e4ste dazu, lokale Galerien, Gesch\u00e4fte und kreative Initiativen vor Ort zu besuchen, wie beispielsweise eine bhutanische Bierbrauerei oder ein Cordyceps-Tasting (Vitalpilze). Au\u00dferdem informieren wir \u00fcber M\u00f6glichkeiten, mit Menschen aus der lokalen Kulturszene in Austausch zu kommen, wie T\u00e4nzer:innen, Schriftsteller:innen, Lehrenden, Journalist:innen oder Bauernfamilien.<\/p>\r\n\r\n\r\n<p>WIR BEWAHREN<\/p>\r\n\r\n\r\n<p><em>Respektvolle Gestaltung<br><\/em>Das Sanctuary wurde in Form einer traditionellen  bhutanischen Festung erbaut und f\u00fcgt sich harmonisch in die umliegende Natur. Bei Planung  und Bau wurde das benachbarte Kloster um Rat gebeten, insbesondere hinsichtlich Bauweise und Raumaufteilung, um die bestm\u00f6gliche Atmosph\u00e4re f\u00fcr G\u00e4ste und Mitarbeitende zu  schaffen. Die Eingriffe in die nat\u00fcrliche Umgebung wurden  auf ein absolutes Minimum reduziert.<\/p>\r\n\r\n\r\n\r\n<p><em>Integrit\u00e4t der Spiritualit\u00e4t<br><\/em>Die Hauptreligion in Bhutan ist der Buddhismus. In  unserem Sanctuary finden sich viele kleine und  gro\u00dfe Symbole, die darauf Bezug nehmen.  Besonders hervorzuheben ist das spezielle Ritual  im Transformationsraum, den alle G\u00e4ste  durchschreiten, bevor sie das eigentliche  Sanctuary betreten.<\/p>\r\n\r\n\r\n\r\n<p><em>Traditionelle bhutanische Medizin<br><\/em>Das Sanctuary ist auf traditionelle bhutanische  Medizin spezialisiert. Nach Ankunft laden wir unsere G\u00e4ste zu einer individuellen Beratung mit  unserem hauseigenen \u00e4rztlichen Personal ein. Alle Mitglieder des Fachpersonals haben ein  f\u00fcnfj\u00e4hriges Studium an der Universit\u00e4t f\u00fcr Traditionelle Medizin in Thimphu absolviert. Sie  erstellen individuelle Programme, die K\u00f6rper, Geist und Seele in Einklang bringen.<\/p>\r\n\r\n\r\n\r\n<p><em>Heilkr\u00e4uter<br><\/em>In unserer Wellness Lounge kommen \u00fcber 60  verschiedene bhutanische Kr\u00e4uter zum Einsatz,  die sorgf\u00e4ltig f\u00fcr Ihre Anwendungen und Therapien  ausgew\u00e4hlt und angewendet werden. \nWenn Sie m\u00f6chten, begleiten Sie uns gerne auf  einen inspirierenden Kr\u00e4uter-Rundgang durch das  Sanctuary, um mehr \u00fcber die heilenden Wirkungen  der einzelnen Kr\u00e4uter zu erfahren.<\/p>\r\n\r\n\r\n<p>WIR SCH\u00dcTZEN UND SIND NACHHALTIG<\/p>\r\n\r\n\r\n<p><em>Vermeidung von Abfall<br><\/em>Reduzieren, wiederverwenden und recyceln. Wir  minimieren Abf\u00e4lle und verzichten in allen Suiten  vollst\u00e4ndig auf Plastik. Unser K\u00fcchenteam ist auf  bewusste Mengenplanung spezialisiert, um  \nLebensmittelverschwendung zu vermeiden.<\/p>\r\n\r\n\r\n\r\n<p><em>Essen<br><\/em>Wo immer m\u00f6glich, bauen wir unsere Lebensmittel  selbst an oder beziehen sie regional, ganz im  Sinne unseres \u201eFarm-to-Table\u201c Konzepts. Unsere  G\u00e4rten und Gew\u00e4chsh\u00e4user werden rein biologisch bewirtschaftet. Vor Ort kompostieren wir  unsere organischen Abf\u00e4lle selber.<\/p>\r\n\r\n\r\n\r\n<p><em>Nachhaltiger Umgang mit Energie und Wasser<br><\/em>Wir \u00fcberwachen unseren Verbrauch von  Brennstoffen, Strom und Wasser und setzen auf  energiesparende und wassereffiziente  \nTechnologien.<\/p>\r\n<\/div>\t\t\t\t<\/div>\n\t\t\t\t<\/div>\n\t\t\t\t<\/div>\n\t\t\t\t\t<\/div>\n\t\t\t\t<\/div>\n\t\t\t\t<\/div>","protected":false},"excerpt":{"rendered":"<p>WE CARE Employment creation Our team consists of about 70 people, of which more than 95% are Bhutanese. All middle-management positions are fulfilled by Bhutanese people. Skills development We invest in our team members with continuous on-site training. After a certain time of employment, team members become eligible for off-site training and\/or studies to improve [&hellip;]<\/p>\n","protected":false},"author":1,"featured_media":0,"parent":4116,"menu_order":0,"comment_status":"closed","ping_status":"closed","template":"","meta":{"site-sidebar-layout":"no-sidebar","site-content-layout":"page-builder","ast-site-content-layout":"full-width-container","site-content-style":"unboxed","site-sidebar-style":"unboxed","ast-global-header-display":"","ast-banner-title-visibility":"","ast-main-header-display":"","ast-hfb-above-header-display":"","ast-hfb-below-header-display":"","ast-hfb-mobile-header-display":"","site-post-title":"disabled","ast-breadcrumbs-content":"","ast-featured-img":"disabled","footer-sml-layout":"","theme-transparent-header-meta":"default","adv-header-id-meta":"","stick-header-meta":"","header-above-stick-meta":"","header-main-stick-meta":"","header-below-stick-meta":"","astra-migrate-meta-layouts":"set","ast-page-background-enabled":"default","ast-page-background-meta":{"desktop":{"background-color":"var(--ast-global-color-4)","background-image":"","background-repeat":"repeat","background-position":"center center","background-size":"auto","background-attachment":"scroll","background-type":"","background-media":"","overlay-type":"","overlay-color":"","overlay-opacity":"","overlay-gradient":""},"tablet":{"background-color":"","background-image":"","background-repeat":"repeat","background-position":"center center","background-size":"auto","background-attachment":"scroll","background-type":"","background-media":"","overlay-type":"","overlay-color":"","overlay-opacity":"","overlay-gradient":""},"mobile":{"background-color":"","background-image":"","background-repeat":"repeat","background-position":"center center","background-size":"auto","background-attachment":"scroll","background-type":"","background-media":"","overlay-type":"","overlay-color":"","overlay-opacity":"","overlay-gradient":""}},"ast-content-background-meta":{"desktop":{"background-color":"var(--ast-global-color-5)","background-image":"","background-repeat":"repeat","background-position":"center center","background-size":"auto","background-attachment":"scroll","background-type":"","background-media":"","overlay-type":"","overlay-color":"","overlay-opacity":"","overlay-gradient":""},"tablet":{"background-color":"var(--ast-global-color-5)","background-image":"","background-repeat":"repeat","background-position":"center center","background-size":"auto","background-attachment":"scroll","background-type":"","background-media":"","overlay-type":"","overlay-color":"","overlay-opacity":"","overlay-gradient":""},"mobile":{"background-color":"var(--ast-global-color-5)","background-image":"","background-repeat":"repeat","background-position":"center center","background-size":"auto","background-attachment":"scroll","background-type":"","background-media":"","overlay-type":"","overlay-color":"","overlay-opacity":"","overlay-gradient":""}},"footnotes":""},"class_list":["post-5719","page","type-page","status-publish","hentry"],"_links":{"self":[{"href":"https:\/\/bhutanspiritsanctuary.com\/de_lang\/wp-json\/wp\/v2\/pages\/5719","targetHints":{"allow":["GET"]}}],"collection":[{"href":"https:\/\/bhutanspiritsanctuary.com\/de_lang\/wp-json\/wp\/v2\/pages"}],"about":[{"href":"https:\/\/bhutanspiritsanctuary.com\/de_lang\/wp-json\/wp\/v2\/types\/page"}],"author":[{"embeddable":true,"href":"https:\/\/bhutanspiritsanctuary.com\/de_lang\/wp-json\/wp\/v2\/users\/1"}],"replies":[{"embeddable":true,"href":"https:\/\/bhutanspiritsanctuary.com\/de_lang\/wp-json\/wp\/v2\/comments?post=5719"}],"version-history":[{"count":20,"href":"https:\/\/bhutanspiritsanctuary.com\/de_lang\/wp-json\/wp\/v2\/pages\/5719\/revisions"}],"predecessor-version":[{"id":5957,"href":"https:\/\/bhutanspiritsanctuary.com\/de_lang\/wp-json\/wp\/v2\/pages\/5719\/revisions\/5957"}],"up":[{"embeddable":true,"href":"https:\/\/bhutanspiritsanctuary.com\/de_lang\/wp-json\/wp\/v2\/pages\/4116"}],"wp:attachment":[{"href":"https:\/\/bhutanspiritsanctuary.com\/de_lang\/wp-json\/wp\/v2\/media?parent=5719"}],"curies":[{"name":"wp","href":"https:\/\/api.w.org\/{rel}","templated":true}]}}