{"id":5808,"date":"2025-07-27T14:20:27","date_gmt":"2025-07-27T14:20:27","guid":{"rendered":"https:\/\/bhutanspiritsanctuary.com\/staging\/?page_id=5808"},"modified":"2025-07-27T14:22:03","modified_gmt":"2025-07-27T14:22:03","slug":"the-neyphu-valley","status":"publish","type":"page","link":"https:\/\/bhutanspiritsanctuary.com\/de_lang\/stories\/the-neyphu-valley\/","title":{"rendered":"Das Neyphu Tal"},"content":{"rendered":"<div data-elementor-type=\"wp-page\" data-elementor-id=\"5808\" class=\"elementor elementor-5808\" data-elementor-post-type=\"page\">\n\t\t\t\t<div class=\"elementor-element elementor-element-a8d14df e-flex e-con-boxed e-con e-parent\" data-id=\"a8d14df\" data-element_type=\"container\" data-settings=\"{&quot;background_background&quot;:&quot;classic&quot;}\">\n\t\t\t\t\t<div class=\"e-con-inner\">\n\t\t\t\t\t<\/div>\n\t\t\t\t<\/div>\n\t\t<div class=\"elementor-element elementor-element-25e085b e-flex e-con-boxed e-con e-parent\" data-id=\"25e085b\" data-element_type=\"container\">\n\t\t\t\t\t<div class=\"e-con-inner\">\n\t\t<div class=\"elementor-element elementor-element-44ce5d4 e-con-full e-flex e-con e-child\" data-id=\"44ce5d4\" data-element_type=\"container\" data-settings=\"{&quot;background_background&quot;:&quot;classic&quot;}\">\n\t\t\t\t<div class=\"elementor-element elementor-element-76d9f5c elementor-widget elementor-widget-html\" data-id=\"76d9f5c\" data-element_type=\"widget\" data-widget_type=\"html.default\">\n\t\t\t\t<div class=\"elementor-widget-container\">\n\t\t\t\t\t<style>\r\n  .p-3 p {\r\n    margin-bottom: 16px;\r\n  }\r\n<\/style>\r\n\r\n<div class=\"p-3\" style=\"color: #868685; line-height: 1.45; letter-spacing: .05rem;\">\r\n                    \r\n<p>Eines Tages, auf dem Heimweg ins Neyphu Tal, legte einer der in der Gegend bekannten Bauern  eine Pause ein, bevor er seinen letzten Wandertag antrat. Er stellte seine Taschen mit  Tabakbl\u00e4ttern auf den Boden ab und legte sich mitten im Bergwald f\u00fcr ein wohlverdientes  Nickerchen nieder. Doch statt der erwarteten Stille und dem gelegentlichen Vogelgesang h\u00f6rte er  fr\u00f6hliche Stimmen aus dem Wald. Seine Neugier war geweckt, denn normalerweise versammelten  sich dort zu dieser Tageszeit doch keine Menschen. Also stand er auf und folgte dem Ger\u00e4usch.  \nEs war ein anstrengender Weg, doch pl\u00f6tzlich entdeckte er eine versteckte \u00d6ffnung im Berg, die  zu einer von Sonnenlicht durchfluteten H\u00f6hle f\u00fchrte. Drinnen fand er ein Paradies vor, wie er es  noch nie gesehen hatte: Ein fr\u00f6hliches Miteinander von Menschen aller Art, die zusammen sangen  und tanzten. W\u00e4rme erf\u00fcllte sein Herz. Es gab weder Armut noch Leid, nur Harmonie und Gl\u00fcck.  Er f\u00fchlte sich wie in einem Traum an, voller Frieden.&nbsp;<br><br>Als er die H\u00f6hle verlie\u00df, wusste er nicht, wie viel Zeit er dort verbracht hatte. Er sah den  Sonnenaufgang und wusste, dass er heute nach Hause und zu seiner Familie zur\u00fcckkehren  w\u00fcrde. An seinem Rastplatz angekommen, stellte er \u00fcberrascht fest, dass seine Taschen zu einem  gro\u00dfen, festen Stein geworden waren, auf dem der Tabakhaufen noch deutlich zu erkennen war.  Noch einmal blickte er zur\u00fcck zu dem Berg, von dem er soeben gekommen war, aber die \u00d6ffnung  der H\u00f6hle war nicht mehr zu sehen. Stattdessen lag ein riesiger Felsen am Berg, als w\u00fcrde dieser  den Eingang zur H\u00f6hle versperren.<br><br>Er begann den letzten Teil seines Weges hinunter ins Neyphu Tal. Sein Land und sein Hof  begrenzten das Ta,l und als er in der N\u00e4he war, traute er seinen Augen nicht: Ein sehr alter Mann  arbeitete auf den Feldern des Bauern. Er ging auf den Mann zu und fragte, was er da auf seinem  Land tat. Der Mann war \u00fcberrascht und antwortete, dass das Land ihm geh\u00f6re. Seine Mutter sei  vor vielen Jahren gestorben und sein Vater sei einst nach Indien gegangen und von dort nie  zur\u00fcckgekehrt. Es versammelten sich mehr Dorfbewohner um die beiden M\u00e4nner und dem  Bauern wurde klar, dass er nicht nur sehr lange weg gewesen war, sondern auch nicht gealtert  war, so wie es die anderen Dorfbewohner und sein vor ihm stehender Sohn.&nbsp;<br><br>Ein Wunder war geschehen \u2013 aber welches?&nbsp;<br>Er verstand, dass sein Aufenthalt in der H\u00f6hle ein Shangri-La gewesen war, ein Paradies auf  Erden, ein Zufluchtsort von idyllischer Sch\u00f6nheit und Ruhe, wo die Zeit nicht existiert und die  Menschen vor B\u00f6sem und Schaden gesch\u00fctzt sind.<br>Bis heute findet man den Felsen, der die H\u00f6hle verschlie\u00dft, und den Tabaksstein. Es hei\u00dft, dass  sich der Berg in Zeiten der Gefahr wieder \u00f6ffnen wird, um den Menschen des Neyphu Tals Schutz  zu bieten.<\/p>\r\n<\/div>\t\t\t\t<\/div>\n\t\t\t\t<\/div>\n\t\t\t\t<\/div>\n\t\t\t\t\t<\/div>\n\t\t\t\t<\/div>\n\t\t\t\t<\/div>","protected":false},"excerpt":{"rendered":"<p>One day, almost upon return to his home in the Neyphu Valley, one of the well-known farmers took a&nbsp;rest before embarking on the last day of walking. He put his bags with tobacco leaves on the ground and lay down amid the mountain forest for a well-deserved nap. But instead of the expected silence and [&hellip;]<\/p>\n","protected":false},"author":1,"featured_media":0,"parent":4116,"menu_order":0,"comment_status":"closed","ping_status":"closed","template":"","meta":{"site-sidebar-layout":"no-sidebar","site-content-layout":"page-builder","ast-site-content-layout":"full-width-container","site-content-style":"unboxed","site-sidebar-style":"unboxed","ast-global-header-display":"","ast-banner-title-visibility":"","ast-main-header-display":"","ast-hfb-above-header-display":"","ast-hfb-below-header-display":"","ast-hfb-mobile-header-display":"","site-post-title":"disabled","ast-breadcrumbs-content":"","ast-featured-img":"disabled","footer-sml-layout":"","theme-transparent-header-meta":"default","adv-header-id-meta":"","stick-header-meta":"","header-above-stick-meta":"","header-main-stick-meta":"","header-below-stick-meta":"","astra-migrate-meta-layouts":"set","ast-page-background-enabled":"default","ast-page-background-meta":{"desktop":{"background-color":"var(--ast-global-color-4)","background-image":"","background-repeat":"repeat","background-position":"center center","background-size":"auto","background-attachment":"scroll","background-type":"","background-media":"","overlay-type":"","overlay-color":"","overlay-opacity":"","overlay-gradient":""},"tablet":{"background-color":"","background-image":"","background-repeat":"repeat","background-position":"center center","background-size":"auto","background-attachment":"scroll","background-type":"","background-media":"","overlay-type":"","overlay-color":"","overlay-opacity":"","overlay-gradient":""},"mobile":{"background-color":"","background-image":"","background-repeat":"repeat","background-position":"center center","background-size":"auto","background-attachment":"scroll","background-type":"","background-media":"","overlay-type":"","overlay-color":"","overlay-opacity":"","overlay-gradient":""}},"ast-content-background-meta":{"desktop":{"background-color":"var(--ast-global-color-5)","background-image":"","background-repeat":"repeat","background-position":"center center","background-size":"auto","background-attachment":"scroll","background-type":"","background-media":"","overlay-type":"","overlay-color":"","overlay-opacity":"","overlay-gradient":""},"tablet":{"background-color":"var(--ast-global-color-5)","background-image":"","background-repeat":"repeat","background-position":"center center","background-size":"auto","background-attachment":"scroll","background-type":"","background-media":"","overlay-type":"","overlay-color":"","overlay-opacity":"","overlay-gradient":""},"mobile":{"background-color":"var(--ast-global-color-5)","background-image":"","background-repeat":"repeat","background-position":"center center","background-size":"auto","background-attachment":"scroll","background-type":"","background-media":"","overlay-type":"","overlay-color":"","overlay-opacity":"","overlay-gradient":""}},"footnotes":""},"class_list":["post-5808","page","type-page","status-publish","hentry"],"_links":{"self":[{"href":"https:\/\/bhutanspiritsanctuary.com\/de_lang\/wp-json\/wp\/v2\/pages\/5808","targetHints":{"allow":["GET"]}}],"collection":[{"href":"https:\/\/bhutanspiritsanctuary.com\/de_lang\/wp-json\/wp\/v2\/pages"}],"about":[{"href":"https:\/\/bhutanspiritsanctuary.com\/de_lang\/wp-json\/wp\/v2\/types\/page"}],"author":[{"embeddable":true,"href":"https:\/\/bhutanspiritsanctuary.com\/de_lang\/wp-json\/wp\/v2\/users\/1"}],"replies":[{"embeddable":true,"href":"https:\/\/bhutanspiritsanctuary.com\/de_lang\/wp-json\/wp\/v2\/comments?post=5808"}],"version-history":[{"count":7,"href":"https:\/\/bhutanspiritsanctuary.com\/de_lang\/wp-json\/wp\/v2\/pages\/5808\/revisions"}],"predecessor-version":[{"id":5815,"href":"https:\/\/bhutanspiritsanctuary.com\/de_lang\/wp-json\/wp\/v2\/pages\/5808\/revisions\/5815"}],"up":[{"embeddable":true,"href":"https:\/\/bhutanspiritsanctuary.com\/de_lang\/wp-json\/wp\/v2\/pages\/4116"}],"wp:attachment":[{"href":"https:\/\/bhutanspiritsanctuary.com\/de_lang\/wp-json\/wp\/v2\/media?parent=5808"}],"curies":[{"name":"wp","href":"https:\/\/api.w.org\/{rel}","templated":true}]}}