{"id":5719,"date":"2025-07-27T12:10:20","date_gmt":"2025-07-27T12:10:20","guid":{"rendered":"https:\/\/bhutanspiritsanctuary.com\/staging\/?page_id=5719"},"modified":"2025-07-28T11:46:13","modified_gmt":"2025-07-28T11:46:13","slug":"mission-vision","status":"publish","type":"page","link":"https:\/\/bhutanspiritsanctuary.com\/pt_br\/stories\/mission-vision\/","title":{"rendered":"Miss\u00e3o &amp; Vis\u00e3o"},"content":{"rendered":"<div data-elementor-type=\"wp-page\" data-elementor-id=\"5719\" class=\"elementor elementor-5719\" data-elementor-post-type=\"page\">\n\t\t\t\t<div class=\"elementor-element elementor-element-a8d14df e-flex e-con-boxed e-con e-parent\" data-id=\"a8d14df\" data-element_type=\"container\" data-settings=\"{&quot;background_background&quot;:&quot;classic&quot;}\">\n\t\t\t\t\t<div class=\"e-con-inner\">\n\t\t\t\t\t<\/div>\n\t\t\t\t<\/div>\n\t\t<div class=\"elementor-element elementor-element-25e085b e-flex e-con-boxed e-con e-parent\" data-id=\"25e085b\" data-element_type=\"container\">\n\t\t\t\t\t<div class=\"e-con-inner\">\n\t\t<div class=\"elementor-element elementor-element-44ce5d4 e-con-full e-flex e-con e-child\" data-id=\"44ce5d4\" data-element_type=\"container\" data-settings=\"{&quot;background_background&quot;:&quot;classic&quot;}\">\n\t\t\t\t<div class=\"elementor-element elementor-element-76d9f5c elementor-widget elementor-widget-html\" data-id=\"76d9f5c\" data-element_type=\"widget\" data-widget_type=\"html.default\">\n\t\t\t\t<div class=\"elementor-widget-container\">\n\t\t\t\t\t<style>\r\n  .p-3 p {\r\n    margin-bottom: 16px;\r\n  }\r\n<\/style>\r\n\r\n<div class=\"p-3\" style=\"color: #868685; line-height: 1.45; letter-spacing: .05rem;\">\r\n\r\n<p>N\u00d3S CUIDAMOS<\/p>\r\n\r\n\r\n\r\n<p><em>Cria\u00e7\u00e3o de empregos<br><\/em>A nossa equipa consiste de cerca de 70 pessoas, das quais mais de 95% s\u00e3o Butanesas. Todos os cargos de dire\u00e7\u00e3o interm\u00e9dia s\u00e3o ocupados por butaneses.<\/p>\r\n\r\n\r\n\r\n<p><em>Desenvolvimento de compet\u00eancias<br><\/em>Investimos nos membros da nossa equipa com forma\u00e7\u00e3o local cont\u00ednua. Ap\u00f3s um certo per\u00edodo de emprego, os membros da nossa equipa podem beneficiar de forma\u00e7\u00e3o e\/ou estudos fora do Santu\u00e1rio para melhorar as suas compet\u00eancias e aumentar os seus conhecimentos.<\/p>\r\n\r\n\r\n\r\n<p><em>Direitos econ\u00f3micos<br><\/em>Todos os membros da nossa equipa recebem um contrato legal com uma descri\u00e7\u00e3o do cargo que exercem. Pagamos aos membros da nossa equipa um sal\u00e1rio superior \u00e0 m\u00e9dia, cobrimos um seguro de sa\u00fade e contribu\u00edmos para um fundo de previd\u00eancia que as pessoas recebem ao terminarem o seu contrato de trabalho connosco.<\/p>\r\n\r\n\r\n\r\n<p><em>Abordagem familiar<br><\/em>Consideramos a nossa equipa uma fam\u00edlia e cuidamos dela como se assim fosse.<\/p>\r\n\r\n<p>INVESTIMOS<\/p>\r\n\r\n<p><em>Cria\u00e7\u00e3o de rendimentos<br><\/em>Sempre que poss\u00edvel, adquirimos produtos locais para a nossa oferta gastron\u00f3mica. Temos, tamb\u00e9m, uma loja boutique que vende produtos locais, como j\u00f3ias\/bijuteria, roupa, malas e pequenos presentes. Em todo o Santu\u00e1rio, expomos obras de arte feitas por artistas locais. Encorajamos os nossos h\u00f3spedes a visitar galerias de arte, lojas e iniciativas locais inovativas, como uma cervejaria artesanal local ou uma prova de degusta\u00e7\u00e3o de cordyceps. Informamo-los, ainda, da possibilidade de conhecer bailarinos, escritores, professores, jornalistas e agricultores locais (e at\u00e9 mesmo visitar uma fam\u00edlia de agricultores na sua casa).<\/p>\r\n\r\n\r\n<p>CONSERVAMOS<\/p>\r\n\r\n\r\n<p><em>Criar respeitosamente<br><\/em>O Santu\u00e1rio est\u00e1 constru\u00eddo como um forte Butan\u00eas, integrando-se na sua envolvente natural. O mosteiro local foi consultado para nos aconselhar em como a estrutura deveria ser constru\u00edda e qual deveria ser a disposi\u00e7\u00e3o dos quartos, de forma a proporcionar o melhor ambiente para os nossos h\u00f3spedes. Foram efetuadas interven\u00e7\u00f5es m\u00ednimas ao ambiente natural do Santu\u00e1rio.<\/p>\r\n\r\n\r\n\r\n<p><em>Integrar a espiritualidade<br><\/em>A religi\u00e3o principal do But\u00e3o \u00e9 o Budismo. No Santu\u00e1rio, encontrar\u00e1 pequenos e grandes s\u00edmbolos que aludem ao Budismo. Um dos s\u00edmbolos mais proeminentes \u00e9 o nosso ritual especial no sal\u00e3o de transforma\u00e7\u00e3o que todos os h\u00f3spedes atravessam antes de entrar no verdadeiro Santu\u00e1rio.<\/p>\r\n\r\n\r\n\r\n<p><em>Medicina tradicional butanesa<br><\/em>O Santu\u00e1rio especializa-se em Medicina Tradicional Butanesa. Ap\u00f3s a chegada, convidamos os nossos h\u00f3spedes a beneficiar de uma consulta privativa com os nossos m\u00e9dicos internos de Medicina Tradicional. Os nossos m\u00e9dicos completaram cinco anos de estudos na Faculdade de Medicina Tradicional em Thimphu. Os m\u00e9dicos fornecem aos h\u00f3spedes um programa de Bem-estar para que estes possam atingir um equil\u00edbrio saud\u00e1vel entre o corpo, a mente e o esp\u00edrito.<\/p>\r\n\r\n\r\n\r\n<p><em>Ervas medicinais<br><\/em>No sal\u00e3o de bem-estar, temos uma cole\u00e7\u00e3o de mais de 60 ervas Butanesas, as quais os m\u00e9dicos utilizam para os tratamentos e terapias do Himalaia, com base em ervas e plantas. Caso tenha interesse, os nossos m\u00e9dicos levam os h\u00f3spedes num passeio herbal em redor do Santu\u00e1rio para mostrar e explicar os benef\u00edcios das plantas.<\/p>\r\n\r\n\r\n<p>PROTEGEMOS<\/p>\r\n\r\n\r\n<p><em>Desperd\u00edcio<br><\/em>Reduzimos, reutilizamos e reciclamos os res\u00edduos e operamos sob uma pol\u00edtica de zero pl\u00e1stico nos quartos dos nossos h\u00f3spedes. A nossa Equipa de Culin\u00e1ria \u00e9 especializada em gest\u00e3o de tamanho de por\u00e7\u00f5es, reduzindo o desperd\u00edcio alimentar ao m\u00e1ximo.<\/p>\r\n\r\n\r\n\r\n<p><em>Gastronomia<br><\/em>Sempre que poss\u00edvel, cultivamos os nossos produtos org\u00e2nicos (produ\u00e7\u00e3o alimentar no local) ou adquirimos bens locais (conceito \u201cda quinta para a mesa\u201d). Os produtos das nossas hortas e da nossa estufa s\u00e3o tratados e cultivados de forma org\u00e2nica e dispomos de instala\u00e7\u00f5es de compostagem.<\/p>\r\n\r\n\r\n\r\n<p><em>\u00c1gua &amp; energia<br><\/em>Monitorizamos o nosso consumo de combust\u00edvel, eletricidade e \u00e1gua, utilizando equipamentos eficientes em termos de \u00e1gua e energia sempre que poss\u00edvel.<\/p>\r\n<\/div>\t\t\t\t<\/div>\n\t\t\t\t<\/div>\n\t\t\t\t<\/div>\n\t\t\t\t\t<\/div>\n\t\t\t\t<\/div>\n\t\t\t\t<\/div>","protected":false},"excerpt":{"rendered":"<p>WE CARE Employment creation Our team consists of about 70 people, of which more than 95% are Bhutanese. All middle-management positions are fulfilled by Bhutanese people. Skills development We invest in our team members with continuous on-site training. After a certain time of employment, team members become eligible for off-site training and\/or studies to improve [&hellip;]<\/p>\n","protected":false},"author":1,"featured_media":0,"parent":4116,"menu_order":0,"comment_status":"closed","ping_status":"closed","template":"","meta":{"site-sidebar-layout":"no-sidebar","site-content-layout":"page-builder","ast-site-content-layout":"full-width-container","site-content-style":"unboxed","site-sidebar-style":"unboxed","ast-global-header-display":"","ast-banner-title-visibility":"","ast-main-header-display":"","ast-hfb-above-header-display":"","ast-hfb-below-header-display":"","ast-hfb-mobile-header-display":"","site-post-title":"disabled","ast-breadcrumbs-content":"","ast-featured-img":"disabled","footer-sml-layout":"","theme-transparent-header-meta":"default","adv-header-id-meta":"","stick-header-meta":"","header-above-stick-meta":"","header-main-stick-meta":"","header-below-stick-meta":"","astra-migrate-meta-layouts":"set","ast-page-background-enabled":"default","ast-page-background-meta":{"desktop":{"background-color":"var(--ast-global-color-4)","background-image":"","background-repeat":"repeat","background-position":"center center","background-size":"auto","background-attachment":"scroll","background-type":"","background-media":"","overlay-type":"","overlay-color":"","overlay-opacity":"","overlay-gradient":""},"tablet":{"background-color":"","background-image":"","background-repeat":"repeat","background-position":"center center","background-size":"auto","background-attachment":"scroll","background-type":"","background-media":"","overlay-type":"","overlay-color":"","overlay-opacity":"","overlay-gradient":""},"mobile":{"background-color":"","background-image":"","background-repeat":"repeat","background-position":"center center","background-size":"auto","background-attachment":"scroll","background-type":"","background-media":"","overlay-type":"","overlay-color":"","overlay-opacity":"","overlay-gradient":""}},"ast-content-background-meta":{"desktop":{"background-color":"var(--ast-global-color-5)","background-image":"","background-repeat":"repeat","background-position":"center center","background-size":"auto","background-attachment":"scroll","background-type":"","background-media":"","overlay-type":"","overlay-color":"","overlay-opacity":"","overlay-gradient":""},"tablet":{"background-color":"var(--ast-global-color-5)","background-image":"","background-repeat":"repeat","background-position":"center center","background-size":"auto","background-attachment":"scroll","background-type":"","background-media":"","overlay-type":"","overlay-color":"","overlay-opacity":"","overlay-gradient":""},"mobile":{"background-color":"var(--ast-global-color-5)","background-image":"","background-repeat":"repeat","background-position":"center center","background-size":"auto","background-attachment":"scroll","background-type":"","background-media":"","overlay-type":"","overlay-color":"","overlay-opacity":"","overlay-gradient":""}},"footnotes":""},"class_list":["post-5719","page","type-page","status-publish","hentry"],"_links":{"self":[{"href":"https:\/\/bhutanspiritsanctuary.com\/pt_br\/wp-json\/wp\/v2\/pages\/5719","targetHints":{"allow":["GET"]}}],"collection":[{"href":"https:\/\/bhutanspiritsanctuary.com\/pt_br\/wp-json\/wp\/v2\/pages"}],"about":[{"href":"https:\/\/bhutanspiritsanctuary.com\/pt_br\/wp-json\/wp\/v2\/types\/page"}],"author":[{"embeddable":true,"href":"https:\/\/bhutanspiritsanctuary.com\/pt_br\/wp-json\/wp\/v2\/users\/1"}],"replies":[{"embeddable":true,"href":"https:\/\/bhutanspiritsanctuary.com\/pt_br\/wp-json\/wp\/v2\/comments?post=5719"}],"version-history":[{"count":20,"href":"https:\/\/bhutanspiritsanctuary.com\/pt_br\/wp-json\/wp\/v2\/pages\/5719\/revisions"}],"predecessor-version":[{"id":5957,"href":"https:\/\/bhutanspiritsanctuary.com\/pt_br\/wp-json\/wp\/v2\/pages\/5719\/revisions\/5957"}],"up":[{"embeddable":true,"href":"https:\/\/bhutanspiritsanctuary.com\/pt_br\/wp-json\/wp\/v2\/pages\/4116"}],"wp:attachment":[{"href":"https:\/\/bhutanspiritsanctuary.com\/pt_br\/wp-json\/wp\/v2\/media?parent=5719"}],"curies":[{"name":"wp","href":"https:\/\/api.w.org\/{rel}","templated":true}]}}