{"id":5808,"date":"2025-07-27T14:20:27","date_gmt":"2025-07-27T14:20:27","guid":{"rendered":"https:\/\/bhutanspiritsanctuary.com\/staging\/?page_id=5808"},"modified":"2025-07-27T14:22:03","modified_gmt":"2025-07-27T14:22:03","slug":"the-neyphu-valley","status":"publish","type":"page","link":"https:\/\/bhutanspiritsanctuary.com\/pt_br\/stories\/the-neyphu-valley\/","title":{"rendered":"O Vale Neyphu"},"content":{"rendered":"<div data-elementor-type=\"wp-page\" data-elementor-id=\"5808\" class=\"elementor elementor-5808\" data-elementor-post-type=\"page\">\n\t\t\t\t<div class=\"elementor-element elementor-element-a8d14df e-flex e-con-boxed e-con e-parent\" data-id=\"a8d14df\" data-element_type=\"container\" data-settings=\"{&quot;background_background&quot;:&quot;classic&quot;}\">\n\t\t\t\t\t<div class=\"e-con-inner\">\n\t\t\t\t\t<\/div>\n\t\t\t\t<\/div>\n\t\t<div class=\"elementor-element elementor-element-25e085b e-flex e-con-boxed e-con e-parent\" data-id=\"25e085b\" data-element_type=\"container\">\n\t\t\t\t\t<div class=\"e-con-inner\">\n\t\t<div class=\"elementor-element elementor-element-44ce5d4 e-con-full e-flex e-con e-child\" data-id=\"44ce5d4\" data-element_type=\"container\" data-settings=\"{&quot;background_background&quot;:&quot;classic&quot;}\">\n\t\t\t\t<div class=\"elementor-element elementor-element-76d9f5c elementor-widget elementor-widget-html\" data-id=\"76d9f5c\" data-element_type=\"widget\" data-widget_type=\"html.default\">\n\t\t\t\t<div class=\"elementor-widget-container\">\n\t\t\t\t\t<style>\r\n  .p-3 p {\r\n    margin-bottom: 16px;\r\n  }\r\n<\/style>\r\n\r\n<div class=\"p-3\" style=\"color: #868685; line-height: 1.45; letter-spacing: .05rem;\">\r\n                    \r\n<p>Um dia, quase de chegada de volta \u00e0 sua casa no vale Neyphu, um dos agricultores mais conhecidos da \u00e1rea decidiu descansar um pouco antes de come\u00e7ar o \u00faltimo dia da sua caminhada. Pousou as suas malas com folhas de tabaco no ch\u00e3o e deitou-se no meio da floresta alpina para uma sesta merecida. No entanto, ao contr\u00e1rio do esperado sil\u00eancio ocasionalmente interrompido pelo ru\u00eddo de p\u00e1ssaros, ouviu vozes alegres vindas da floresta. A curiosidade apoderou-se dele, j\u00e1 que n\u00e3o era comum que as pessoas se juntassem ali ou naquela altura do dia. Por isso, o agricultor levantou-se e seguiu o barulho. N\u00e3o foi f\u00e1cil, mas de repente ele descobriu aquilo que parecia ser uma abertura escondida na montanha, que conduzia a uma gruta banhada pela luz do sol. No interior, encontrou um para\u00edso, diferente de tudo o que alguma vez teria visto. Pessoas de todos os tipos interagiam alegremente, cantando e dan\u00e7ando. O agricultor sentiu-se invadido por um calor, como se estivesse em paz, num sonho. N\u00e3o havia pobreza ou injusti\u00e7a, apenas harmonia e felicidade.&nbsp;<br><br>Ao sair da gruta, n\u00e3o fazia ideia de quanto tempo teria passado no interior, mas conseguia ver o sol a nascer e sabia que aquele seria o dia em que voltaria para a sua casa e fam\u00edlia. Ao chegar ao seu lugar de repouso, para sua surpresa, viu que as suas malas se tinham transformado em pedra, com a pilha de tabaco ainda vis\u00edvel. Ainda lan\u00e7ou um relance \u00e0 montanha de onde veio, mas j\u00e1 n\u00e3o conseguia ver a entrada para a gruta \u2013 ao inv\u00e9s disso, viu um rochedo enorme virado para a montanha, como se a entrada para a gruta estivesse fechada.<br><br>Iniciou, ent\u00e3o, a \u00faltima parte da sua caminhada pelo Vale Neyphu. As suas terras e a sua quinta ficavam perto da fronteira do vale. Ao aproximar-se, ficou surpreendido em ver que um homem muito velho trabalhava nos seus campos. Ent\u00e3o, o agricultor chegou perto do homem e perguntou o que \u00e9 que ele ali fazia. O homem, surpreendido, respondeu que as terras lhe pertenciam a si e apenas a si, j\u00e1 que a sua m\u00e3e tinha falecido h\u00e1 muitos anos e o seu pai tinha partido em dire\u00e7\u00e3o \u00e0 \u00cdndia e nunca tinha voltado. Mais alde\u00f5es juntaram-se \u00e0 volta dos dois homens, e tornou-se evidente para o agricultor que n\u00e3o s\u00f3 ele tinha estado ausente durante muito tempo, como tamb\u00e9m n\u00e3o tinha envelhecido, ao contr\u00e1rio do seu filho e dos outros alde\u00f5es.&nbsp;<br><br>Um milagre tinha acontecido, mas que milagre?&nbsp;<br>Ele percebeu que a sua estadia na gruta tinha sido em Shangri-La, um para\u00edso na terra, um ref\u00fagio de beleza id\u00edlica e tranquilidade, onde o tempo n\u00e3o existe e as pessoas est\u00e3o protegidas do \u00f3dio e da maldade.<br>At\u00e9 aos dias de hoje, pode encontrar o rochedo que mant\u00e9m a gruta fechada e a rocha do tabaco, e acredita-se que, em tempos de perigo, a montanha se voltar\u00e1 a abrir e deixar entrar o povo do Vale Neyphu\u2026<\/p>\r\n<\/div>\t\t\t\t<\/div>\n\t\t\t\t<\/div>\n\t\t\t\t<\/div>\n\t\t\t\t\t<\/div>\n\t\t\t\t<\/div>\n\t\t\t\t<\/div>","protected":false},"excerpt":{"rendered":"<p>One day, almost upon return to his home in the Neyphu Valley, one of the well-known farmers took a&nbsp;rest before embarking on the last day of walking. He put his bags with tobacco leaves on the ground and lay down amid the mountain forest for a well-deserved nap. But instead of the expected silence and [&hellip;]<\/p>\n","protected":false},"author":1,"featured_media":0,"parent":4116,"menu_order":0,"comment_status":"closed","ping_status":"closed","template":"","meta":{"site-sidebar-layout":"no-sidebar","site-content-layout":"page-builder","ast-site-content-layout":"full-width-container","site-content-style":"unboxed","site-sidebar-style":"unboxed","ast-global-header-display":"","ast-banner-title-visibility":"","ast-main-header-display":"","ast-hfb-above-header-display":"","ast-hfb-below-header-display":"","ast-hfb-mobile-header-display":"","site-post-title":"disabled","ast-breadcrumbs-content":"","ast-featured-img":"disabled","footer-sml-layout":"","theme-transparent-header-meta":"default","adv-header-id-meta":"","stick-header-meta":"","header-above-stick-meta":"","header-main-stick-meta":"","header-below-stick-meta":"","astra-migrate-meta-layouts":"set","ast-page-background-enabled":"default","ast-page-background-meta":{"desktop":{"background-color":"var(--ast-global-color-4)","background-image":"","background-repeat":"repeat","background-position":"center center","background-size":"auto","background-attachment":"scroll","background-type":"","background-media":"","overlay-type":"","overlay-color":"","overlay-opacity":"","overlay-gradient":""},"tablet":{"background-color":"","background-image":"","background-repeat":"repeat","background-position":"center center","background-size":"auto","background-attachment":"scroll","background-type":"","background-media":"","overlay-type":"","overlay-color":"","overlay-opacity":"","overlay-gradient":""},"mobile":{"background-color":"","background-image":"","background-repeat":"repeat","background-position":"center center","background-size":"auto","background-attachment":"scroll","background-type":"","background-media":"","overlay-type":"","overlay-color":"","overlay-opacity":"","overlay-gradient":""}},"ast-content-background-meta":{"desktop":{"background-color":"var(--ast-global-color-5)","background-image":"","background-repeat":"repeat","background-position":"center center","background-size":"auto","background-attachment":"scroll","background-type":"","background-media":"","overlay-type":"","overlay-color":"","overlay-opacity":"","overlay-gradient":""},"tablet":{"background-color":"var(--ast-global-color-5)","background-image":"","background-repeat":"repeat","background-position":"center center","background-size":"auto","background-attachment":"scroll","background-type":"","background-media":"","overlay-type":"","overlay-color":"","overlay-opacity":"","overlay-gradient":""},"mobile":{"background-color":"var(--ast-global-color-5)","background-image":"","background-repeat":"repeat","background-position":"center center","background-size":"auto","background-attachment":"scroll","background-type":"","background-media":"","overlay-type":"","overlay-color":"","overlay-opacity":"","overlay-gradient":""}},"footnotes":""},"class_list":["post-5808","page","type-page","status-publish","hentry"],"_links":{"self":[{"href":"https:\/\/bhutanspiritsanctuary.com\/pt_br\/wp-json\/wp\/v2\/pages\/5808","targetHints":{"allow":["GET"]}}],"collection":[{"href":"https:\/\/bhutanspiritsanctuary.com\/pt_br\/wp-json\/wp\/v2\/pages"}],"about":[{"href":"https:\/\/bhutanspiritsanctuary.com\/pt_br\/wp-json\/wp\/v2\/types\/page"}],"author":[{"embeddable":true,"href":"https:\/\/bhutanspiritsanctuary.com\/pt_br\/wp-json\/wp\/v2\/users\/1"}],"replies":[{"embeddable":true,"href":"https:\/\/bhutanspiritsanctuary.com\/pt_br\/wp-json\/wp\/v2\/comments?post=5808"}],"version-history":[{"count":7,"href":"https:\/\/bhutanspiritsanctuary.com\/pt_br\/wp-json\/wp\/v2\/pages\/5808\/revisions"}],"predecessor-version":[{"id":5815,"href":"https:\/\/bhutanspiritsanctuary.com\/pt_br\/wp-json\/wp\/v2\/pages\/5808\/revisions\/5815"}],"up":[{"embeddable":true,"href":"https:\/\/bhutanspiritsanctuary.com\/pt_br\/wp-json\/wp\/v2\/pages\/4116"}],"wp:attachment":[{"href":"https:\/\/bhutanspiritsanctuary.com\/pt_br\/wp-json\/wp\/v2\/media?parent=5808"}],"curies":[{"name":"wp","href":"https:\/\/api.w.org\/{rel}","templated":true}]}}