{"id":6008,"date":"2025-07-28T16:17:52","date_gmt":"2025-07-28T16:17:52","guid":{"rendered":"https:\/\/bhutanspiritsanctuary.com\/staging\/?page_id=6008"},"modified":"2025-07-28T16:20:21","modified_gmt":"2025-07-28T16:20:21","slug":"privacy","status":"publish","type":"page","link":"https:\/\/bhutanspiritsanctuary.com\/pt_br\/privacy\/","title":{"rendered":"Privacidade"},"content":{"rendered":"<div data-elementor-type=\"wp-page\" data-elementor-id=\"6008\" class=\"elementor elementor-6008\" data-elementor-post-type=\"page\">\n\t\t\t\t<div class=\"elementor-element elementor-element-2bdaf78 e-flex e-con-boxed e-con e-parent\" data-id=\"2bdaf78\" data-element_type=\"container\" data-settings=\"{&quot;background_background&quot;:&quot;classic&quot;}\">\n\t\t\t\t\t<div class=\"e-con-inner\">\n\t\t\t\t\t<\/div>\n\t\t\t\t<\/div>\n\t\t<div class=\"elementor-element elementor-element-2229a3a e-flex e-con-boxed e-con e-parent\" data-id=\"2229a3a\" data-element_type=\"container\">\n\t\t\t\t\t<div class=\"e-con-inner\">\n\t\t\t\t<div class=\"elementor-element elementor-element-c0fcc95 elementor-widget__width-initial elementor-widget elementor-widget-html\" data-id=\"c0fcc95\" data-element_type=\"widget\" data-widget_type=\"html.default\">\n\t\t\t\t<div class=\"elementor-widget-container\">\n\t\t\t\t\t<div style=\"background-color: #fdfbf5; padding: 30px;\">\r\n<h1>Pol\u00edtica de privacidade<\/h1>\r\n<p>\u00daltima atualiza\u00e7\u00e3o: 28 de julho de 2025<\/p>\r\n<p>Esta Pol\u00edtica de Privacidade descreve as nossas pol\u00edticas e procedimentos relativos \u00e0 recolha, utiliza\u00e7\u00e3o e divulga\u00e7\u00e3o das suas informa\u00e7\u00f5es quando utiliza o Servi\u00e7o e informa-o sobre os seus direitos de privacidade e como a lei o protege.<\/p>\r\n<p>Utilizamos os seus dados pessoais para fornecer e melhorar o Servi\u00e7o. Ao utilizar o Servi\u00e7o, concorda com a recolha e utiliza\u00e7\u00e3o de informa\u00e7\u00f5es de acordo com esta Pol\u00edtica de Privacidade. Esta Pol\u00edtica de Privacidade foi criada com a ajuda da <a href=\"https:\/\/www.termsfeed.com\/privacy-policy-generator\/\" target=\"_blank\" rel=\"noopener\">Privacy Policy Generator<\/a>.<\/p>\r\n<h2>Interpreta\u00e7\u00e3o e Designa\u00e7\u00f5es<\/h2>\r\n<h3>Interpreta\u00e7\u00e3o<\/h3>\r\n<p>As palavras cuja letra inicial est\u00e1 em mai\u00fascula t\u00eam significados definidos nas seguintes condi\u00e7\u00f5es. As defini\u00e7\u00f5es a seguir ter\u00e3o o mesmo significado, independentemente de aparecerem no singular ou no plural.<\/p>\r\n<h3>Designa\u00e7\u00f5es<\/h3>\r\n<p>Para efeitos da presente Pol\u00edtica de Privacidade:<\/p>\r\n<ul>\r\n<li>\r\n<p><strong>Conta<\/strong> significa uma conta \u00fanica criada para que possa aceder ao nosso Servi\u00e7o ou a partes do nosso Servi\u00e7o.<\/p>\r\n<\/li>\r\n<li>\r\n<p><strong>Afiliado<\/strong> significa uma entidade que controla, \u00e9 controlada por ou est\u00e1 sob controlo comum com uma parte, em que \u00abcontrolo\u00bb significa a propriedade de 50% ou mais das a\u00e7\u00f5es, participa\u00e7\u00f5es ou outros t\u00edtulos que d\u00e3o direito a voto para a elei\u00e7\u00e3o de diretores ou outra autoridade administrativa.<\/p>\r\n<\/li>\r\n<li>\r\n<p><strong>Empresa<\/strong> (referida como \u00aba Empresa\u00bb, \u00abN\u00f3s\u00bb, \u00abNos\u00bb ou \u00abNosso\u00bb neste Acordo) refere-se ao Bhutan Spirit Sanctuary, Shaba, Neyphu Valley, Paro, But\u00e3o.<\/p>\r\n<\/li>\r\n<li>\r\n<p><strong>Cookies<\/strong> s\u00e3o pequenos ficheiros que s\u00e3o colocados no seu computador, dispositivo m\u00f3vel ou qualquer outro dispositivo por um site, contendo os detalhes do seu hist\u00f3rico de navega\u00e7\u00e3o nesse site, entre as suas muitas utiliza\u00e7\u00f5es.<\/p>\r\n<\/li>\r\n<li>\r\n<p><strong>Pa\u00eds<\/strong> refere-se a: But\u00e3o<\/p>\r\n<\/li>\r\n<li>\r\n<p><strong>Dispositivo<\/strong> significa qualquer dispositivo que possa aceder ao Servi\u00e7o, como um computador, um telem\u00f3vel ou um tablet digital.<\/p>\r\n<\/li>\r\n<li>\r\n<p><strong>Dados pessoais<\/strong> refere-se a qualquer informa\u00e7\u00e3o relacionada com um indiv\u00edduo identificado ou identific\u00e1vel.<\/p>\r\n<\/li>\r\n<li>\r\n<p><strong>Servi\u00e7o<\/strong> refere-se ao presente Website.<\/p>\r\n<\/li>\r\n<li>\r\n<p><strong>Prestador de Servi\u00e7os<\/strong> significa qualquer pessoa singular ou coletiva que processa os dados em nome da Empresa. Refere-se a empresas terceiras ou indiv\u00edduos contratados pela Empresa para facilitar o Servi\u00e7o, prestar o Servi\u00e7o em nome da Empresa, realizar servi\u00e7os relacionados com o Servi\u00e7o ou ajudar a Empresa a analisar como o Servi\u00e7o \u00e9 utilizado.<\/p>\r\n<\/li>\r\n<li>\r\n<p><strong>Dados de utiliza\u00e7\u00e3o<\/strong> refere-se aos dados recolhidos automaticamente, gerados pela utiliza\u00e7\u00e3o do Servi\u00e7o ou pela pr\u00f3pria infraestrutura do Servi\u00e7o (por exemplo, a dura\u00e7\u00e3o de uma visita a uma p\u00e1gina).<\/p>\r\n<\/li>\r\n<li>\r\n<p><strong>Website<\/strong> refere-se a Bhutan Spirit Sanctuary, acess\u00edvel atrav\u00e9s de <a href=\"https:\/\/bhutanspiritsanctuary.com\/pt_br\/\" rel=\"external nofollow noopener\" target=\"_blank\">https:\/\/bhutanspiritsanctuary.com\/<\/a><\/p>\r\n<\/li>\r\n<li>\r\n<p><strong>Voc\u00ea<\/strong> significa o indiv\u00edduo que acede ou utiliza o Servi\u00e7o, ou a empresa, ou outra entidade jur\u00eddica em nome da qual esse indiv\u00edduo acede ou utiliza o Servi\u00e7o, conforme aplic\u00e1vel.<\/p>\r\n<\/li>\r\n<\/ul>\r\n<h2>Recolha e Utiliza\u00e7\u00e3o dos Seus Dados Pessoais<\/h2>\r\n<h3>Tipos de Dados Recolhidos<\/h3>\r\n<h4>Dados pessoais<\/h4>\r\n<p>Ao utilizar o nosso servi\u00e7o, poderemos solicitar que nos forne\u00e7a determinadas informa\u00e7\u00f5es pessoais identific\u00e1veis que podem ser utilizadas para contact\u00e1-lo ou identific\u00e1-lo. As informa\u00e7\u00f5es pessoais identific\u00e1veis podem incluir, entre outras:<\/p>\r\n<ul>\r\n<li>\r\n<p>Endere\u00e7o de e-mail<\/p>\r\n<\/li>\r\n<li>\r\n<p>Nome completo<\/p>\r\n<\/li>\r\n<li>\r\n<p>N\u00famero de telefone<\/p>\r\n<\/li>\r\n<li>\r\n<p>Dados de utiliza\u00e7\u00e3o<\/p>\r\n<\/li>\r\n<\/ul>\r\n<h4>Dados de utiliza\u00e7\u00e3o<\/h4>\r\n<p>Os dados de utiliza\u00e7\u00e3o s\u00e3o recolhidos automaticamente ao utilizar o Servi\u00e7o.<\/p>\r\n<p>Usage Data may include information such as Your Device's Internet Protocol address (e.g. IP address), browser type, browser version, the pages of our Service that You visit, the time and date of Your visit, the time spent on those pages, unique device identifiers and other diagnostic data.<\/p>\r\n<p>When You access the Service by or through a mobile device, We may collect certain information automatically, including, but not limited to, the type of mobile device You use, Your mobile device unique ID, the IP address of Your mobile device, Your mobile operating system, the type of mobile Internet browser You use, unique device identifiers and other diagnostic data.<\/p>\r\n<p>We may also collect information that Your browser sends whenever You visit our Service or when You access the Service by or through a mobile device.<\/p>\r\n<h4>Tracking Technologies and Cookies<\/h4>\r\n<p>We use Cookies and similar tracking technologies to track the activity on Our Service and store certain information. Tracking technologies used are beacons, tags, and scripts to collect and track information and to improve and analyze Our Service. The technologies We use may include:<\/p>\r\n<ul>\r\n<li><strong>Cookies or Browser Cookies.<\/strong> A cookie is a small file placed on Your Device. You can instruct Your browser to refuse all Cookies or to indicate when a Cookie is being sent. However, if You do not accept Cookies, You may not be able to use some parts of our Service. Unless you have adjusted Your browser setting so that it will refuse Cookies, our Service may use Cookies.<\/li>\r\n<li><strong>Web Beacons.<\/strong> Certain sections of our Service and our emails may contain small electronic files known as web beacons (also referred to as clear gifs, pixel tags, and single-pixel gifs) that permit the Company, for example, to count users who have visited those pages or opened an email and for other related website statistics (for example, recording the popularity of a certain section and verifying system and server integrity).<\/li>\r\n<\/ul>\r\n<p>Cookies can be &quot;Persistent&quot; or &quot;Session&quot; Cookies. Persistent Cookies remain on Your personal computer or mobile device when You go offline, while Session Cookies are deleted as soon as You close Your web browser. You can learn more about cookies on <a href=\"https:\/\/www.termsfeed.com\/blog\/cookies\/#What_Are_Cookies\" target=\"_blank\" rel=\"noopener\">TermsFeed website<\/a> article.<\/p>\r\n<p>We use both Session and Persistent Cookies for the purposes set out below:<\/p>\r\n<ul>\r\n<li>\r\n<p><strong>Necessary \/ Essential Cookies<\/strong><\/p>\r\n<p>Type: Session Cookies<\/p>\r\n<p>Administered by: Us<\/p>\r\n<p>Purpose: These Cookies are essential to provide You with services available through the Website and to enable You to use some of its features. They help to authenticate users and prevent fraudulent use of user accounts. Without these Cookies, the services that You have asked for cannot be provided, and We only use these Cookies to provide You with those services.<\/p>\r\n<\/li>\r\n<li>\r\n<p><strong>Cookies Policy \/ Notice Acceptance Cookies<\/strong><\/p>\r\n<p>Type: Persistent Cookies<\/p>\r\n<p>Administered by: Us<\/p>\r\n<p>Purpose: These Cookies identify if users have accepted the use of cookies on the Website.<\/p>\r\n<\/li>\r\n<li>\r\n<p><strong>Functionality Cookies<\/strong><\/p>\r\n<p>Type: Persistent Cookies<\/p>\r\n<p>Administered by: Us<\/p>\r\n<p>Purpose: These Cookies allow us to remember choices You make when You use the Website, such as remembering your login details or language preference. The purpose of these Cookies is to provide You with a more personal experience and to avoid You having to re-enter your preferences every time You use the Website.<\/p>\r\n<\/li>\r\n<\/ul>\r\n<p>For more information about the cookies we use and your choices regarding cookies, please visit our Cookies Policy or the Cookies section of our Privacy Policy.<\/p>\r\n<h3>Use of Your Personal Data<\/h3>\r\n<p>The Company may use Personal Data for the following purposes:<\/p>\r\n<ul>\r\n<li>\r\n<p><strong>To provide and maintain our Service<\/strong>, including to monitor the usage of our Service.<\/p>\r\n<\/li>\r\n<li>\r\n<p><strong>To manage Your Account:<\/strong> to manage Your registration as a user of the Service. The Personal Data You provide can give You access to different functionalities of the Service that are available to You as a registered user.<\/p>\r\n<\/li>\r\n<li>\r\n<p><strong>For the performance of a contract:<\/strong> the development, compliance and undertaking of the purchase contract for the products, items or services You have purchased or of any other contract with Us through the Service.<\/p>\r\n<\/li>\r\n<li>\r\n<p><strong>To contact You:<\/strong> To contact You by email, telephone calls, SMS, or other equivalent forms of electronic communication, such as a mobile application's push notifications regarding updates or informative communications related to the functionalities, products or contracted services, including the security updates, when necessary or reasonable for their implementation.<\/p>\r\n<\/li>\r\n<li>\r\n<p><strong>To provide You<\/strong> with news, special offers and general information about other goods, services and events which we offer that are similar to those that you have already purchased or enquired about unless You have opted not to receive such information.<\/p>\r\n<\/li>\r\n<li>\r\n<p><strong>To manage Your requests:<\/strong> To attend and manage Your requests to Us.<\/p>\r\n<\/li>\r\n<li>\r\n<p><strong>For business transfers:<\/strong> We may use Your information to evaluate or conduct a merger, divestiture, restructuring, reorganization, dissolution, or other sale or transfer of some or all of Our assets, whether as a going concern or as part of bankruptcy, liquidation, or similar proceeding, in which Personal Data held by Us about our Service users is among the assets transferred.<\/p>\r\n<\/li>\r\n<li>\r\n<p><strong>For other purposes<\/strong>: We may use Your information for other purposes, such as data analysis, identifying usage trends, determining the effectiveness of our promotional campaigns and to evaluate and improve our Service, products, services, marketing and your experience.<\/p>\r\n<\/li>\r\n<\/ul>\r\n<p>We may share Your personal information in the following situations:<\/p>\r\n<ul>\r\n<li><strong>With Service Providers:<\/strong> We may share Your personal information with Service Providers to monitor and analyze the use of our Service,  to contact You.<\/li>\r\n<li><strong>For business transfers:<\/strong> We may share or transfer Your personal information in connection with, or during negotiations of, any merger, sale of Company assets, financing, or acquisition of all or a portion of Our business to another company.<\/li>\r\n<li><strong>With Affiliates:<\/strong> We may share Your information with Our affiliates, in which case we will require those affiliates to honor this Privacy Policy. Affiliates include Our parent company and any other subsidiaries, joint venture partners or other companies that We control or that are under common control with Us.<\/li>\r\n<li><strong>With business partners:<\/strong> We may share Your information with Our business partners to offer You certain products, services or promotions.<\/li>\r\n<li><strong>With other users:<\/strong> when You share personal information or otherwise interact in the public areas with other users, such information may be viewed by all users and may be publicly distributed outside.<\/li>\r\n<li><strong>With Your consent<\/strong>: We may disclose Your personal information for any other purpose with Your consent.<\/li>\r\n<\/ul>\r\n<h3>Retention of Your Personal Data<\/h3>\r\n<p>The Company will retain Your Personal Data only for as long as is necessary for the purposes set out in this Privacy Policy. We will retain and use Your Personal Data to the extent necessary to comply with our legal obligations (for example, if we are required to retain your data to comply with applicable laws), resolve disputes, and enforce our legal agreements and policies.<\/p>\r\n<p>The Company will also retain Usage Data for internal analysis purposes. Usage Data is generally retained for a shorter period of time, except when this data is used to strengthen the security or to improve the functionality of Our Service, or We are legally obligated to retain this data for longer time periods.<\/p>\r\n<h3>Transfer of Your Personal Data<\/h3>\r\n<p>Your information, including Personal Data, is processed at the Company's operating offices and in any other places where the parties involved in the processing are located. It means that this information may be transferred to \u2014 and maintained on \u2014 computers located outside of Your state, province, country or other governmental jurisdiction where the data protection laws may differ than those from Your jurisdiction.<\/p>\r\n<p>Your consent to this Privacy Policy followed by Your submission of such information represents Your agreement to that transfer.<\/p>\r\n<p>The Company will take all steps reasonably necessary to ensure that Your data is treated securely and in accordance with this Privacy Policy and no transfer of Your Personal Data will take place to an organization or a country unless there are adequate controls in place including the security of Your data and other personal information.<\/p>\r\n<h3>Delete Your Personal Data<\/h3>\r\n<p>You have the right to delete or request that We assist in deleting the Personal Data that We have collected about You.<\/p>\r\n<p>Our Service may give You the ability to delete certain information about You from within the Service.<\/p>\r\n<p>You may update, amend, or delete Your information at any time by signing in to Your Account, if you have one, and visiting the account settings section that allows you to manage Your personal information. You may also contact Us to request access to, correct, or delete any personal information that You have provided to Us.<\/p>\r\n<p>Please note, however, that We may need to retain certain information when we have a legal obligation or lawful basis to do so.<\/p>\r\n<h3>Disclosure of Your Personal Data<\/h3>\r\n<h4>Business Transactions<\/h4>\r\n<p>If the Company is involved in a merger, acquisition or asset sale, Your Personal Data may be transferred. We will provide notice before Your Personal Data is transferred and becomes subject to a different Privacy Policy.<\/p>\r\n<h4>Law enforcement<\/h4>\r\n<p>Under certain circumstances, the Company may be required to disclose Your Personal Data if required to do so by law or in response to valid requests by public authorities (e.g. a court or a government agency).<\/p>\r\n<h4>Other legal requirements<\/h4>\r\n<p>The Company may disclose Your Personal Data in the good faith belief that such action is necessary to:<\/p>\r\n<ul>\r\n<li>Comply with a legal obligation<\/li>\r\n<li>Protect and defend the rights or property of the Company<\/li>\r\n<li>Prevent or investigate possible wrongdoing in connection with the Service<\/li>\r\n<li>Protect the personal safety of Users of the Service or the public<\/li>\r\n<li>Protect against legal liability<\/li>\r\n<\/ul>\r\n<h3>Security of Your Personal Data<\/h3>\r\n<p>The security of Your Personal Data is important to Us, but remember that no method of transmission over the Internet, or method of electronic storage is 100% secure. While We strive to use commercially acceptable means to protect Your Personal Data, We cannot guarantee its absolute security.<\/p>\r\n<h2>Children's Privacy<\/h2>\r\n<p>Our Service does not address anyone under the age of 13. We do not knowingly collect personally identifiable information from anyone under the age of 13. If You are a parent or guardian and You are aware that Your child has provided Us with Personal Data, please contact Us. If We become aware that We have collected Personal Data from anyone under the age of 13 without verification of parental consent, We take steps to remove that information from Our servers.<\/p>\r\n<p>If We need to rely on consent as a legal basis for processing Your information and Your country requires consent from a parent, We may require Your parent's consent before We collect and use that information.<\/p>\r\n<h2>Links to Other Websites<\/h2>\r\n<p>Our Service may contain links to other websites that are not operated by Us. If You click on a third party link, You will be directed to that third party's site. We strongly advise You to review the Privacy Policy of every site You visit.<\/p>\r\n<p>We have no control over and assume no responsibility for the content, privacy policies or practices of any third party sites or services.<\/p>\r\n<h2>Changes to this Privacy Policy<\/h2>\r\n<p>We may update Our Privacy Policy from time to time. We will notify You of any changes by posting the new Privacy Policy on this page.<\/p>\r\n<p>We will let You know via email and\/or a prominent notice on Our Service, prior to the change becoming effective and update the &quot;Last updated&quot; date at the top of this Privacy Policy.<\/p>\r\n<p>You are advised to review this Privacy Policy periodically for any changes. Changes to this Privacy Policy are effective when they are posted on this page.<\/p>\r\n<h2>Contacte-nos<\/h2>\r\n<p>If you have any questions about this Privacy Policy, You can contact us:<\/p>\r\n<ul>\r\n<li>By email: sales@bhutanspiritsanctuary.com<\/li>\r\n<\/ul>\r\n<\/div>\t\t\t\t<\/div>\n\t\t\t\t<\/div>\n\t\t\t\t\t<\/div>\n\t\t\t\t<\/div>\n\t\t\t\t<\/div>","protected":false},"excerpt":{"rendered":"<p>Privacy Policy Last updated: July 28, 2025 This Privacy Policy describes Our policies and procedures on the collection, use and disclosure of Your information when You use the Service and tells You about Your privacy rights and how the law protects You. We use Your Personal data to provide and improve the Service. By using [&hellip;]<\/p>\n","protected":false},"author":1,"featured_media":0,"parent":0,"menu_order":0,"comment_status":"closed","ping_status":"closed","template":"","meta":{"site-sidebar-layout":"no-sidebar","site-content-layout":"page-builder","ast-site-content-layout":"full-width-container","site-content-style":"default","site-sidebar-style":"default","ast-global-header-display":"","ast-banner-title-visibility":"","ast-main-header-display":"","ast-hfb-above-header-display":"","ast-hfb-below-header-display":"","ast-hfb-mobile-header-display":"","site-post-title":"disabled","ast-breadcrumbs-content":"","ast-featured-img":"disabled","footer-sml-layout":"","theme-transparent-header-meta":"","adv-header-id-meta":"","stick-header-meta":"","header-above-stick-meta":"","header-main-stick-meta":"","header-below-stick-meta":"","astra-migrate-meta-layouts":"default","ast-page-background-enabled":"default","ast-page-background-meta":{"desktop":{"background-color":"var(--ast-global-color-4)","background-image":"","background-repeat":"repeat","background-position":"center center","background-size":"auto","background-attachment":"scroll","background-type":"","background-media":"","overlay-type":"","overlay-color":"","overlay-opacity":"","overlay-gradient":""},"tablet":{"background-color":"","background-image":"","background-repeat":"repeat","background-position":"center center","background-size":"auto","background-attachment":"scroll","background-type":"","background-media":"","overlay-type":"","overlay-color":"","overlay-opacity":"","overlay-gradient":""},"mobile":{"background-color":"","background-image":"","background-repeat":"repeat","background-position":"center center","background-size":"auto","background-attachment":"scroll","background-type":"","background-media":"","overlay-type":"","overlay-color":"","overlay-opacity":"","overlay-gradient":""}},"ast-content-background-meta":{"desktop":{"background-color":"var(--ast-global-color-5)","background-image":"","background-repeat":"repeat","background-position":"center center","background-size":"auto","background-attachment":"scroll","background-type":"","background-media":"","overlay-type":"","overlay-color":"","overlay-opacity":"","overlay-gradient":""},"tablet":{"background-color":"var(--ast-global-color-5)","background-image":"","background-repeat":"repeat","background-position":"center center","background-size":"auto","background-attachment":"scroll","background-type":"","background-media":"","overlay-type":"","overlay-color":"","overlay-opacity":"","overlay-gradient":""},"mobile":{"background-color":"var(--ast-global-color-5)","background-image":"","background-repeat":"repeat","background-position":"center center","background-size":"auto","background-attachment":"scroll","background-type":"","background-media":"","overlay-type":"","overlay-color":"","overlay-opacity":"","overlay-gradient":""}},"footnotes":""},"class_list":["post-6008","page","type-page","status-publish","hentry"],"_links":{"self":[{"href":"https:\/\/bhutanspiritsanctuary.com\/pt_br\/wp-json\/wp\/v2\/pages\/6008","targetHints":{"allow":["GET"]}}],"collection":[{"href":"https:\/\/bhutanspiritsanctuary.com\/pt_br\/wp-json\/wp\/v2\/pages"}],"about":[{"href":"https:\/\/bhutanspiritsanctuary.com\/pt_br\/wp-json\/wp\/v2\/types\/page"}],"author":[{"embeddable":true,"href":"https:\/\/bhutanspiritsanctuary.com\/pt_br\/wp-json\/wp\/v2\/users\/1"}],"replies":[{"embeddable":true,"href":"https:\/\/bhutanspiritsanctuary.com\/pt_br\/wp-json\/wp\/v2\/comments?post=6008"}],"version-history":[{"count":3,"href":"https:\/\/bhutanspiritsanctuary.com\/pt_br\/wp-json\/wp\/v2\/pages\/6008\/revisions"}],"predecessor-version":[{"id":6022,"href":"https:\/\/bhutanspiritsanctuary.com\/pt_br\/wp-json\/wp\/v2\/pages\/6008\/revisions\/6022"}],"wp:attachment":[{"href":"https:\/\/bhutanspiritsanctuary.com\/pt_br\/wp-json\/wp\/v2\/media?parent=6008"}],"curies":[{"name":"wp","href":"https:\/\/api.w.org\/{rel}","templated":true}]}}